{"id":94,"date":"2024-09-26T10:19:41","date_gmt":"2024-09-26T10:19:41","guid":{"rendered":"https:\/\/activ-e.com\/?page_id=94"},"modified":"2024-09-26T10:19:41","modified_gmt":"2024-09-26T10:19:41","slug":"contacta-con-nosotros","status":"publish","type":"page","link":"https:\/\/activ-e.com\/index.php\/contacta-con-nosotros\/","title":{"rendered":"Contacta con Nosotros"},"content":{"rendered":"\n<p>T. +34 93 582 0131 <\/p>\n\n\n\n<p>INFORMACI\u00d3N PROTECCI\u00d3N DE DATOS DE CONTER<\/p>\n\n\n\n<p><strong>Finalidades:<\/strong> responder a sus solicitudes de informaci\u00f3n.<\/p>\n\n\n\n<p><strong>Derechos:<\/strong>\u00a0 puede retirar su consentimiento en cualquier momento, as\u00ed como acceder, rectificar, suprimir sus datos y dem\u00e1s derechos en <a href=\"mailto:info@conter.es\">info@activ-e.es<\/a><\/p>\n\n\n\n<p><strong>Informaci\u00f3n Adicional:<\/strong> puede ampliar la informaci\u00f3n en el enlace de <a href=\"https:\/\/conter.es\/?page_id=3\">Pol\u00edtica de Privacidad<\/a>.<\/p>\n\n\n\n<p><\/p>\n","protected":false},"excerpt":{"rendered":"<p>T. +34 93 582 0131 INFORMACI\u00d3N PROTECCI\u00d3N DE DATOS DE CONTER Finalidades: responder a sus solicitudes de informaci\u00f3n. Derechos:\u00a0 puede retirar su consentimiento en cualquier momento, as\u00ed como acceder, rectificar, suprimir sus datos y dem\u00e1s derechos en info@activ-e.es Informaci\u00f3n Adicional: puede ampliar la informaci\u00f3n en el enlace de Pol\u00edtica de Privacidad.<\/p>\n","protected":false},"author":1,"featured_media":0,"parent":0,"menu_order":0,"comment_status":"closed","ping_status":"closed","template":"","meta":{"footnotes":""},"class_list":["post-94","page","type-page","status-publish","hentry"],"_links":{"self":[{"href":"https:\/\/activ-e.com\/index.php\/wp-json\/wp\/v2\/pages\/94","targetHints":{"allow":["GET"]}}],"collection":[{"href":"https:\/\/activ-e.com\/index.php\/wp-json\/wp\/v2\/pages"}],"about":[{"href":"https:\/\/activ-e.com\/index.php\/wp-json\/wp\/v2\/types\/page"}],"author":[{"embeddable":true,"href":"https:\/\/activ-e.com\/index.php\/wp-json\/wp\/v2\/users\/1"}],"replies":[{"embeddable":true,"href":"https:\/\/activ-e.com\/index.php\/wp-json\/wp\/v2\/comments?post=94"}],"version-history":[{"count":1,"href":"https:\/\/activ-e.com\/index.php\/wp-json\/wp\/v2\/pages\/94\/revisions"}],"predecessor-version":[{"id":95,"href":"https:\/\/activ-e.com\/index.php\/wp-json\/wp\/v2\/pages\/94\/revisions\/95"}],"wp:attachment":[{"href":"https:\/\/activ-e.com\/index.php\/wp-json\/wp\/v2\/media?parent=94"}],"curies":[{"name":"wp","href":"https:\/\/api.w.org\/{rel}","templated":true}]}}